{"id":12788,"date":"2024-10-21T14:44:32","date_gmt":"2024-10-21T12:44:32","guid":{"rendered":"https:\/\/www.porsolea.com\/?post_type=product&#038;p=12788"},"modified":"2025-05-08T22:14:11","modified_gmt":"2025-05-08T20:14:11","slug":"cadiz-coordinates-small-print","status":"publish","type":"product","link":"https:\/\/www.porsolea.com\/en\/producto\/cadiz-coordinates-small-print\/","title":{"rendered":"C\u00e1diz Coordinates Small Print"},"content":{"rendered":"<p>Nestled on the Atlantic coast of Andalusia,\u00a0<strong>C\u00e1diz is a city steeped in history in every corner<\/strong>, having witnessed thousands of years of cultural and architectural evolution. This corner of Spain, bathed by the waters of the Atlantic Ocean and kissed by the Andalusian sun, is much more than just beaches and picturesque landscapes; it is a place full of curiosities and secrets waiting to be discovered.<\/p>\n<p><strong>The C\u00e1diz Coordinates Print<\/strong>\u00a0allows you to reminisce and enjoy your favorite city in an elegant, fun, and original way, while adding a different and unique touch to your home or workplace. Additionally, if you take notice, this print also provides some very interesting data about this fantastic city, such as its geographical location through its latitude and longitude coordinates, its altitude, and its total surface area.<\/p>\n<p><strong>A perfect gift for enthusiasts of C\u00e1diz and Andalusia<\/strong>, or for those whom you want to share a part of your passion or a memory of your land and culture in a different and exclusive way.<\/p>\n<p><strong>Give Por Sole\u00e1\u00ae as a gift, give the authentic flavor of passion for Andalusia.<\/strong><\/p>\n","protected":false},"excerpt":{"rendered":"<p>Discover our small A4 print of the city of C\u00e1diz, printed on <strong>350g\/m\u00b2 matte coated paper, offering exceptional visual quality with an elegant and sophisticated finish<\/strong>.<\/p>\n<p>The A4 size <strong>is perfect for easily decorating any small space or corner of your home, office, or business<\/strong>, allowing you to place it comfortably without taking up too much room, unlike larger prints.<\/p>\n<p>It comes with a <strong>protective cardboard backing and a transparent plastic sleeve<\/strong>, allowing you to display it on any surface without the need for a frame.<\/p>\n","protected":false},"featured_media":12789,"comment_status":"open","ping_status":"closed","template":"","meta":{"site-sidebar-layout":"default","site-content-layout":"","ast-site-content-layout":"full-width-container","site-content-style":"default","site-sidebar-style":"default","ast-global-header-display":"","ast-banner-title-visibility":"","ast-main-header-display":"","ast-hfb-above-header-display":"","ast-hfb-below-header-display":"","ast-hfb-mobile-header-display":"","site-post-title":"","ast-breadcrumbs-content":"","ast-featured-img":"","footer-sml-layout":"","ast-disable-related-posts":"","theme-transparent-header-meta":"default","adv-header-id-meta":"","stick-header-meta":"","header-above-stick-meta":"","header-main-stick-meta":"","header-below-stick-meta":"","astra-migrate-meta-layouts":"set","ast-page-background-enabled":"default","ast-page-background-meta":{"desktop":{"background-color":"var(--ast-global-color-4)","background-image":"","background-repeat":"repeat","background-position":"center center","background-size":"auto","background-attachment":"scroll","background-type":"","background-media":"","overlay-type":"","overlay-color":"","overlay-opacity":"","overlay-gradient":""},"tablet":{"background-color":"","background-image":"","background-repeat":"repeat","background-position":"center center","background-size":"auto","background-attachment":"scroll","background-type":"","background-media":"","overlay-type":"","overlay-color":"","overlay-opacity":"","overlay-gradient":""},"mobile":{"background-color":"","background-image":"","background-repeat":"repeat","background-position":"center center","background-size":"auto","background-attachment":"scroll","background-type":"","background-media":"","overlay-type":"","overlay-color":"","overlay-opacity":"","overlay-gradient":""}},"ast-content-background-meta":{"desktop":{"background-color":"var(--ast-global-color-5)","background-image":"","background-repeat":"repeat","background-position":"center center","background-size":"auto","background-attachment":"scroll","background-type":"","background-media":"","overlay-type":"","overlay-color":"","overlay-opacity":"","overlay-gradient":""},"tablet":{"background-color":"var(--ast-global-color-5)","background-image":"","background-repeat":"repeat","background-position":"center center","background-size":"auto","background-attachment":"scroll","background-type":"","background-media":"","overlay-type":"","overlay-color":"","overlay-opacity":"","overlay-gradient":""},"mobile":{"background-color":"var(--ast-global-color-5)","background-image":"","background-repeat":"repeat","background-position":"center center","background-size":"auto","background-attachment":"scroll","background-type":"","background-media":"","overlay-type":"","overlay-color":"","overlay-opacity":"","overlay-gradient":""}},"_glsr_average":0,"_glsr_ranking":0,"_glsr_reviews":0},"product_brand":[],"product_cat":[390,175,394,393,397,462,251],"product_tag":[183],"class_list":{"0":"post-12788","1":"product","2":"type-product","3":"status-publish","4":"has-post-thumbnail","6":"product_cat-corporate-gifts","7":"product_cat-andalusia-prints","8":"product_cat-gifts-for-a-new-home","9":"product_cat-gifts-for-grandparents","10":"product_cat-gifts-for-mothers-day","11":"product_cat-gifts-for-secret-santa","12":"product_cat-small-a4-paper-prints","13":"product_tag-cadiz-en","14":"product_shipping_class-rango-1-en","15":"desktop-align-left","16":"tablet-align-left","17":"mobile-align-left","19":"first","20":"instock","21":"taxable","22":"shipping-taxable","23":"purchasable","24":"product-type-simple"},"yoast_head":"<!-- This site is optimized with the Yoast SEO plugin v27.5 - https:\/\/yoast.com\/product\/yoast-seo-wordpress\/ -->\n<title>C\u00e1diz Coordinates Small Print - Por Sole\u00e1<\/title>\n<meta name=\"description\" content=\"C\u00e1diz Coordinates Small Print - Por Sole\u00e1 . Compra productos online de Andaluc\u00eda\" \/>\n<meta name=\"robots\" content=\"index, follow, max-snippet:-1, max-image-preview:large, max-video-preview:-1\" \/>\n<link rel=\"canonical\" href=\"https:\/\/www.porsolea.com\/en\/producto\/cadiz-coordinates-small-print\/\" \/>\n<meta property=\"og:locale\" content=\"en_US\" \/>\n<meta property=\"og:type\" content=\"article\" \/>\n<meta property=\"og:title\" content=\"C\u00e1diz Coordinates Small Print - Por Sole\u00e1\" \/>\n<meta property=\"og:description\" content=\"C\u00e1diz Coordinates Small Print - Por Sole\u00e1 . Compra productos online de Andaluc\u00eda\" \/>\n<meta property=\"og:url\" content=\"https:\/\/www.porsolea.com\/en\/producto\/cadiz-coordinates-small-print\/\" \/>\n<meta property=\"og:site_name\" content=\"Por Sole\u00e1\" \/>\n<meta property=\"article:modified_time\" content=\"2025-05-08T20:14:11+00:00\" \/>\n<meta property=\"og:image\" content=\"https:\/\/www.porsolea.com\/wp-content\/uploads\/2024\/10\/Peque-lamina-Coordenadas-Cadiz-JPG-1.webp\" \/>\n\t<meta property=\"og:image:width\" content=\"2000\" \/>\n\t<meta property=\"og:image:height\" content=\"2003\" \/>\n\t<meta property=\"og:image:type\" content=\"image\/webp\" \/>\n<meta name=\"twitter:card\" content=\"summary_large_image\" \/>\n<meta name=\"twitter:label1\" content=\"Est. reading time\" \/>\n\t<meta name=\"twitter:data1\" content=\"2 minutes\" \/>\n<script type=\"application\/ld+json\" class=\"yoast-schema-graph\">{\"@context\":\"https:\\\/\\\/schema.org\",\"@graph\":[{\"@type\":\"WebPage\",\"@id\":\"https:\\\/\\\/www.porsolea.com\\\/en\\\/producto\\\/cadiz-coordinates-small-print\\\/\",\"url\":\"https:\\\/\\\/www.porsolea.com\\\/en\\\/producto\\\/cadiz-coordinates-small-print\\\/\",\"name\":\"C\u00e1diz Coordinates Small Print - Por Sole\u00e1\",\"isPartOf\":{\"@id\":\"https:\\\/\\\/www.porsolea.com\\\/en\\\/#website\"},\"primaryImageOfPage\":{\"@id\":\"https:\\\/\\\/www.porsolea.com\\\/en\\\/producto\\\/cadiz-coordinates-small-print\\\/#primaryimage\"},\"image\":{\"@id\":\"https:\\\/\\\/www.porsolea.com\\\/en\\\/producto\\\/cadiz-coordinates-small-print\\\/#primaryimage\"},\"thumbnailUrl\":\"https:\\\/\\\/www.porsolea.com\\\/wp-content\\\/uploads\\\/2024\\\/10\\\/Peque-lamina-Coordenadas-Cadiz-JPG-1.webp\",\"datePublished\":\"2024-10-21T12:44:32+00:00\",\"dateModified\":\"2025-05-08T20:14:11+00:00\",\"description\":\"C\u00e1diz Coordinates Small Print - Por Sole\u00e1 . Compra productos online de Andaluc\u00eda\",\"breadcrumb\":{\"@id\":\"https:\\\/\\\/www.porsolea.com\\\/en\\\/producto\\\/cadiz-coordinates-small-print\\\/#breadcrumb\"},\"inLanguage\":\"en-US\",\"potentialAction\":[{\"@type\":\"ReadAction\",\"target\":[\"https:\\\/\\\/www.porsolea.com\\\/en\\\/producto\\\/cadiz-coordinates-small-print\\\/\"]}]},{\"@type\":\"ImageObject\",\"inLanguage\":\"en-US\",\"@id\":\"https:\\\/\\\/www.porsolea.com\\\/en\\\/producto\\\/cadiz-coordinates-small-print\\\/#primaryimage\",\"url\":\"https:\\\/\\\/www.porsolea.com\\\/wp-content\\\/uploads\\\/2024\\\/10\\\/Peque-lamina-Coordenadas-Cadiz-JPG-1.webp\",\"contentUrl\":\"https:\\\/\\\/www.porsolea.com\\\/wp-content\\\/uploads\\\/2024\\\/10\\\/Peque-lamina-Coordenadas-Cadiz-JPG-1.webp\",\"width\":2000,\"height\":2003,\"caption\":\"Peque-lamina Coordenadas Cadiz\"},{\"@type\":\"BreadcrumbList\",\"@id\":\"https:\\\/\\\/www.porsolea.com\\\/en\\\/producto\\\/cadiz-coordinates-small-print\\\/#breadcrumb\",\"itemListElement\":[{\"@type\":\"ListItem\",\"position\":1,\"name\":\"Por Sole\u00e1\",\"item\":\"https:\\\/\\\/www.porsolea.com\\\/en\\\/\"},{\"@type\":\"ListItem\",\"position\":2,\"name\":\"Tienda\",\"item\":\"https:\\\/\\\/www.porsolea.com\\\/tienda\\\/\"},{\"@type\":\"ListItem\",\"position\":3,\"name\":\"Decorative Prints\",\"item\":\"https:\\\/\\\/www.porsolea.com\\\/en\\\/tienda\\\/andalusia-prints\\\/\"},{\"@type\":\"ListItem\",\"position\":4,\"name\":\"Small A4 Paper Prints\",\"item\":\"https:\\\/\\\/www.porsolea.com\\\/en\\\/tienda\\\/andalusia-prints\\\/small-a4-paper-prints\\\/\"},{\"@type\":\"ListItem\",\"position\":5,\"name\":\"C\u00e1diz Coordinates Small Print\"}]},{\"@type\":\"WebSite\",\"@id\":\"https:\\\/\\\/www.porsolea.com\\\/en\\\/#website\",\"url\":\"https:\\\/\\\/www.porsolea.com\\\/en\\\/\",\"name\":\"Por Solea\",\"description\":\"Regalos con Sabor a Andaluc\u00eda\",\"publisher\":{\"@id\":\"https:\\\/\\\/www.porsolea.com\\\/en\\\/#organization\"},\"potentialAction\":[{\"@type\":\"SearchAction\",\"target\":{\"@type\":\"EntryPoint\",\"urlTemplate\":\"https:\\\/\\\/www.porsolea.com\\\/en\\\/?s={search_term_string}\"},\"query-input\":{\"@type\":\"PropertyValueSpecification\",\"valueRequired\":true,\"valueName\":\"search_term_string\"}}],\"inLanguage\":\"en-US\"},{\"@type\":\"Organization\",\"@id\":\"https:\\\/\\\/www.porsolea.com\\\/en\\\/#organization\",\"name\":\"Por Solea\",\"url\":\"https:\\\/\\\/www.porsolea.com\\\/en\\\/\",\"logo\":{\"@type\":\"ImageObject\",\"inLanguage\":\"en-US\",\"@id\":\"https:\\\/\\\/www.porsolea.com\\\/en\\\/#\\\/schema\\\/logo\\\/image\\\/\",\"url\":\"https:\\\/\\\/www.porsolea.com\\\/wp-content\\\/uploads\\\/2024\\\/04\\\/logo-porsolea-email.webp\",\"contentUrl\":\"https:\\\/\\\/www.porsolea.com\\\/wp-content\\\/uploads\\\/2024\\\/04\\\/logo-porsolea-email.webp\",\"width\":350,\"height\":154,\"caption\":\"Por Solea\"},\"image\":{\"@id\":\"https:\\\/\\\/www.porsolea.com\\\/en\\\/#\\\/schema\\\/logo\\\/image\\\/\"}}]}<\/script>\n<!-- \/ Yoast SEO plugin. -->","yoast_head_json":{"title":"C\u00e1diz Coordinates Small Print - Por Sole\u00e1","description":"C\u00e1diz Coordinates Small Print - Por Sole\u00e1 . Compra productos online de Andaluc\u00eda","robots":{"index":"index","follow":"follow","max-snippet":"max-snippet:-1","max-image-preview":"max-image-preview:large","max-video-preview":"max-video-preview:-1"},"canonical":"https:\/\/www.porsolea.com\/en\/producto\/cadiz-coordinates-small-print\/","og_locale":"en_US","og_type":"article","og_title":"C\u00e1diz Coordinates Small Print - Por Sole\u00e1","og_description":"C\u00e1diz Coordinates Small Print - Por Sole\u00e1 . Compra productos online de Andaluc\u00eda","og_url":"https:\/\/www.porsolea.com\/en\/producto\/cadiz-coordinates-small-print\/","og_site_name":"Por Sole\u00e1","article_modified_time":"2025-05-08T20:14:11+00:00","og_image":[{"width":2000,"height":2003,"url":"https:\/\/www.porsolea.com\/wp-content\/uploads\/2024\/10\/Peque-lamina-Coordenadas-Cadiz-JPG-1.webp","type":"image\/webp"}],"twitter_card":"summary_large_image","twitter_misc":{"Est. reading time":"2 minutes"},"schema":{"@context":"https:\/\/schema.org","@graph":[{"@type":"WebPage","@id":"https:\/\/www.porsolea.com\/en\/producto\/cadiz-coordinates-small-print\/","url":"https:\/\/www.porsolea.com\/en\/producto\/cadiz-coordinates-small-print\/","name":"C\u00e1diz Coordinates Small Print - Por Sole\u00e1","isPartOf":{"@id":"https:\/\/www.porsolea.com\/en\/#website"},"primaryImageOfPage":{"@id":"https:\/\/www.porsolea.com\/en\/producto\/cadiz-coordinates-small-print\/#primaryimage"},"image":{"@id":"https:\/\/www.porsolea.com\/en\/producto\/cadiz-coordinates-small-print\/#primaryimage"},"thumbnailUrl":"https:\/\/www.porsolea.com\/wp-content\/uploads\/2024\/10\/Peque-lamina-Coordenadas-Cadiz-JPG-1.webp","datePublished":"2024-10-21T12:44:32+00:00","dateModified":"2025-05-08T20:14:11+00:00","description":"C\u00e1diz Coordinates Small Print - Por Sole\u00e1 . Compra productos online de Andaluc\u00eda","breadcrumb":{"@id":"https:\/\/www.porsolea.com\/en\/producto\/cadiz-coordinates-small-print\/#breadcrumb"},"inLanguage":"en-US","potentialAction":[{"@type":"ReadAction","target":["https:\/\/www.porsolea.com\/en\/producto\/cadiz-coordinates-small-print\/"]}]},{"@type":"ImageObject","inLanguage":"en-US","@id":"https:\/\/www.porsolea.com\/en\/producto\/cadiz-coordinates-small-print\/#primaryimage","url":"https:\/\/www.porsolea.com\/wp-content\/uploads\/2024\/10\/Peque-lamina-Coordenadas-Cadiz-JPG-1.webp","contentUrl":"https:\/\/www.porsolea.com\/wp-content\/uploads\/2024\/10\/Peque-lamina-Coordenadas-Cadiz-JPG-1.webp","width":2000,"height":2003,"caption":"Peque-lamina Coordenadas Cadiz"},{"@type":"BreadcrumbList","@id":"https:\/\/www.porsolea.com\/en\/producto\/cadiz-coordinates-small-print\/#breadcrumb","itemListElement":[{"@type":"ListItem","position":1,"name":"Por Sole\u00e1","item":"https:\/\/www.porsolea.com\/en\/"},{"@type":"ListItem","position":2,"name":"Tienda","item":"https:\/\/www.porsolea.com\/tienda\/"},{"@type":"ListItem","position":3,"name":"Decorative Prints","item":"https:\/\/www.porsolea.com\/en\/tienda\/andalusia-prints\/"},{"@type":"ListItem","position":4,"name":"Small A4 Paper Prints","item":"https:\/\/www.porsolea.com\/en\/tienda\/andalusia-prints\/small-a4-paper-prints\/"},{"@type":"ListItem","position":5,"name":"C\u00e1diz Coordinates Small Print"}]},{"@type":"WebSite","@id":"https:\/\/www.porsolea.com\/en\/#website","url":"https:\/\/www.porsolea.com\/en\/","name":"Por Solea","description":"Regalos con Sabor a Andaluc\u00eda","publisher":{"@id":"https:\/\/www.porsolea.com\/en\/#organization"},"potentialAction":[{"@type":"SearchAction","target":{"@type":"EntryPoint","urlTemplate":"https:\/\/www.porsolea.com\/en\/?s={search_term_string}"},"query-input":{"@type":"PropertyValueSpecification","valueRequired":true,"valueName":"search_term_string"}}],"inLanguage":"en-US"},{"@type":"Organization","@id":"https:\/\/www.porsolea.com\/en\/#organization","name":"Por Solea","url":"https:\/\/www.porsolea.com\/en\/","logo":{"@type":"ImageObject","inLanguage":"en-US","@id":"https:\/\/www.porsolea.com\/en\/#\/schema\/logo\/image\/","url":"https:\/\/www.porsolea.com\/wp-content\/uploads\/2024\/04\/logo-porsolea-email.webp","contentUrl":"https:\/\/www.porsolea.com\/wp-content\/uploads\/2024\/04\/logo-porsolea-email.webp","width":350,"height":154,"caption":"Por Solea"},"image":{"@id":"https:\/\/www.porsolea.com\/en\/#\/schema\/logo\/image\/"}}]}},"_links":{"self":[{"href":"https:\/\/www.porsolea.com\/en\/wp-json\/wp\/v2\/product\/12788","targetHints":{"allow":["GET"]}}],"collection":[{"href":"https:\/\/www.porsolea.com\/en\/wp-json\/wp\/v2\/product"}],"about":[{"href":"https:\/\/www.porsolea.com\/en\/wp-json\/wp\/v2\/types\/product"}],"replies":[{"embeddable":true,"href":"https:\/\/www.porsolea.com\/en\/wp-json\/wp\/v2\/comments?post=12788"}],"version-history":[{"count":3,"href":"https:\/\/www.porsolea.com\/en\/wp-json\/wp\/v2\/product\/12788\/revisions"}],"predecessor-version":[{"id":12795,"href":"https:\/\/www.porsolea.com\/en\/wp-json\/wp\/v2\/product\/12788\/revisions\/12795"}],"wp:featuredmedia":[{"embeddable":true,"href":"https:\/\/www.porsolea.com\/en\/wp-json\/wp\/v2\/media\/12789"}],"wp:attachment":[{"href":"https:\/\/www.porsolea.com\/en\/wp-json\/wp\/v2\/media?parent=12788"}],"wp:term":[{"taxonomy":"product_brand","embeddable":true,"href":"https:\/\/www.porsolea.com\/en\/wp-json\/wp\/v2\/product_brand?post=12788"},{"taxonomy":"product_cat","embeddable":true,"href":"https:\/\/www.porsolea.com\/en\/wp-json\/wp\/v2\/product_cat?post=12788"},{"taxonomy":"product_tag","embeddable":true,"href":"https:\/\/www.porsolea.com\/en\/wp-json\/wp\/v2\/product_tag?post=12788"}],"curies":[{"name":"wp","href":"https:\/\/api.w.org\/{rel}","templated":true}]}}