{"id":9885,"date":"2024-03-06T17:51:40","date_gmt":"2024-03-06T16:51:40","guid":{"rendered":"https:\/\/www.porsolea.com\/product\/lamina-rincon-de-cadiz\/"},"modified":"2024-10-16T16:21:54","modified_gmt":"2024-10-16T14:21:54","slug":"best-place-of-cadiz-print","status":"publish","type":"product","link":"https:\/\/www.porsolea.com\/en\/producto\/best-place-of-cadiz-print\/","title":{"rendered":"Best Place of C\u00e1diz Print"},"content":{"rendered":"<p><strong>C\u00e1diz, also known as the &#8220;&#8221;Silver Cup<\/strong>,&#8221;&#8221; is considered the oldest city in the West. Its foundation dates back to 1100 BC and is attributed to the Phoenicians, a seafaring people who turned Gadir into an important commercial colony where Carthaginians, Romans, Visigoths, and Muslims would later settle.<\/p>\n<p>The beaches of the city of C\u00e1diz gain importance when the sun begins to slip below the horizon. No one can tire of admiring a spectacle of this caliber, which occurs at any time of the year.<\/p>\n<p>A perfect gift for enthusiasts of C\u00e1diz and Andalusia, or for those you want to share a part of your passion or a memory of your land and culture in a different and exclusive way.<\/p>\n<p>Give &#8220;&#8221;Por Sole\u00e1,&#8221;&#8221; give the authentic flavor of passion for Andalusia.<\/p>\n","protected":false},"excerpt":{"rendered":"<p><strong>Print of the best place of C\u00e1diz<\/strong> on rigid, lightweight, and durable 3mm PVC material.<\/p>\n<p>Indefinite interior durability and up to a 3-year warranty for outdoor use. Very easy to clean, requiring only a damp cloth to be applied to the surface.<\/p>\n<h4>Available in sizes 70\u00d750 cm and 100\u00d770 cm.<\/h4>\n","protected":false},"featured_media":9775,"comment_status":"open","ping_status":"closed","template":"","meta":{"site-sidebar-layout":"default","site-content-layout":"","ast-site-content-layout":"full-width-container","site-content-style":"default","site-sidebar-style":"default","ast-global-header-display":"","ast-banner-title-visibility":"","ast-main-header-display":"","ast-hfb-above-header-display":"","ast-hfb-below-header-display":"","ast-hfb-mobile-header-display":"","site-post-title":"","ast-breadcrumbs-content":"","ast-featured-img":"","footer-sml-layout":"","ast-disable-related-posts":"","theme-transparent-header-meta":"default","adv-header-id-meta":"","stick-header-meta":"","header-above-stick-meta":"","header-main-stick-meta":"","header-below-stick-meta":"","astra-migrate-meta-layouts":"set","ast-page-background-enabled":"default","ast-page-background-meta":{"desktop":{"background-color":"var(--ast-global-color-4)","background-image":"","background-repeat":"repeat","background-position":"center center","background-size":"auto","background-attachment":"scroll","background-type":"","background-media":"","overlay-type":"","overlay-color":"","overlay-opacity":"","overlay-gradient":""},"tablet":{"background-color":"","background-image":"","background-repeat":"repeat","background-position":"center center","background-size":"auto","background-attachment":"scroll","background-type":"","background-media":"","overlay-type":"","overlay-color":"","overlay-opacity":"","overlay-gradient":""},"mobile":{"background-color":"","background-image":"","background-repeat":"repeat","background-position":"center center","background-size":"auto","background-attachment":"scroll","background-type":"","background-media":"","overlay-type":"","overlay-color":"","overlay-opacity":"","overlay-gradient":""}},"ast-content-background-meta":{"desktop":{"background-color":"var(--ast-global-color-5)","background-image":"","background-repeat":"repeat","background-position":"center center","background-size":"auto","background-attachment":"scroll","background-type":"","background-media":"","overlay-type":"","overlay-color":"","overlay-opacity":"","overlay-gradient":""},"tablet":{"background-color":"var(--ast-global-color-5)","background-image":"","background-repeat":"repeat","background-position":"center center","background-size":"auto","background-attachment":"scroll","background-type":"","background-media":"","overlay-type":"","overlay-color":"","overlay-opacity":"","overlay-gradient":""},"mobile":{"background-color":"var(--ast-global-color-5)","background-image":"","background-repeat":"repeat","background-position":"center center","background-size":"auto","background-attachment":"scroll","background-type":"","background-media":"","overlay-type":"","overlay-color":"","overlay-opacity":"","overlay-gradient":""}},"_glsr_average":0,"_glsr_ranking":0,"_glsr_reviews":0},"product_brand":[],"product_cat":[178,175],"product_tag":[183],"class_list":{"0":"post-9885","1":"product","2":"type-product","3":"status-publish","4":"has-post-thumbnail","6":"product_cat-charming-corners","7":"product_cat-andalusia-prints","8":"product_tag-cadiz-en","9":"desktop-align-left","10":"tablet-align-left","11":"mobile-align-left","13":"first","14":"instock","15":"taxable","16":"shipping-taxable","17":"purchasable","18":"product-type-variable"},"yoast_head":"<!-- This site is optimized with the Yoast SEO plugin v27.2 - https:\/\/yoast.com\/product\/yoast-seo-wordpress\/ -->\n<title>Best Place of C\u00e1diz Print - Por Sole\u00e1<\/title>\n<meta name=\"description\" content=\"Best Place of C\u00e1diz Print - Por Sole\u00e1 . Compra productos online de Andaluc\u00eda\" \/>\n<meta name=\"robots\" content=\"index, follow, max-snippet:-1, max-image-preview:large, max-video-preview:-1\" \/>\n<link rel=\"canonical\" href=\"https:\/\/www.porsolea.com\/en\/producto\/best-place-of-cadiz-print\/\" \/>\n<meta property=\"og:locale\" content=\"en_US\" \/>\n<meta property=\"og:type\" content=\"article\" \/>\n<meta property=\"og:title\" content=\"Best Place of C\u00e1diz Print - Por Sole\u00e1\" \/>\n<meta property=\"og:description\" content=\"Best Place of C\u00e1diz Print - Por Sole\u00e1 . Compra productos online de Andaluc\u00eda\" \/>\n<meta property=\"og:url\" content=\"https:\/\/www.porsolea.com\/en\/producto\/best-place-of-cadiz-print\/\" \/>\n<meta property=\"og:site_name\" content=\"Por Sole\u00e1\" \/>\n<meta property=\"article:modified_time\" content=\"2024-10-16T14:21:54+00:00\" \/>\n<meta property=\"og:image\" content=\"https:\/\/www.porsolea.com\/wp-content\/uploads\/2024\/03\/CADIZ-X-Solea-3-scaled.jpg\" \/>\n\t<meta property=\"og:image:width\" content=\"2560\" \/>\n\t<meta property=\"og:image:height\" content=\"1709\" \/>\n\t<meta property=\"og:image:type\" content=\"image\/jpeg\" \/>\n<meta name=\"twitter:card\" content=\"summary_large_image\" \/>\n<meta name=\"twitter:label1\" content=\"Est. reading time\" \/>\n\t<meta name=\"twitter:data1\" content=\"2 minutes\" \/>\n<script type=\"application\/ld+json\" class=\"yoast-schema-graph\">{\"@context\":\"https:\/\/schema.org\",\"@graph\":[{\"@type\":\"WebPage\",\"@id\":\"https:\/\/www.porsolea.com\/en\/producto\/best-place-of-cadiz-print\/\",\"url\":\"https:\/\/www.porsolea.com\/en\/producto\/best-place-of-cadiz-print\/\",\"name\":\"Best Place of C\u00e1diz Print - Por Sole\u00e1\",\"isPartOf\":{\"@id\":\"https:\/\/www.porsolea.com\/en\/#website\"},\"primaryImageOfPage\":{\"@id\":\"https:\/\/www.porsolea.com\/en\/producto\/best-place-of-cadiz-print\/#primaryimage\"},\"image\":{\"@id\":\"https:\/\/www.porsolea.com\/en\/producto\/best-place-of-cadiz-print\/#primaryimage\"},\"thumbnailUrl\":\"https:\/\/www.porsolea.com\/wp-content\/uploads\/2024\/03\/CADIZ-X-Solea-3-scaled.jpg\",\"datePublished\":\"2024-03-06T16:51:40+00:00\",\"dateModified\":\"2024-10-16T14:21:54+00:00\",\"description\":\"Best Place of C\u00e1diz Print - Por Sole\u00e1 . Compra productos online de Andaluc\u00eda\",\"breadcrumb\":{\"@id\":\"https:\/\/www.porsolea.com\/en\/producto\/best-place-of-cadiz-print\/#breadcrumb\"},\"inLanguage\":\"en-US\",\"potentialAction\":[{\"@type\":\"ReadAction\",\"target\":[\"https:\/\/www.porsolea.com\/en\/producto\/best-place-of-cadiz-print\/\"]}]},{\"@type\":\"ImageObject\",\"inLanguage\":\"en-US\",\"@id\":\"https:\/\/www.porsolea.com\/en\/producto\/best-place-of-cadiz-print\/#primaryimage\",\"url\":\"https:\/\/www.porsolea.com\/wp-content\/uploads\/2024\/03\/CADIZ-X-Solea-3-scaled.jpg\",\"contentUrl\":\"https:\/\/www.porsolea.com\/wp-content\/uploads\/2024\/03\/CADIZ-X-Solea-3-scaled.jpg\",\"width\":2560,\"height\":1709,\"caption\":\"Photo frames mockup\"},{\"@type\":\"BreadcrumbList\",\"@id\":\"https:\/\/www.porsolea.com\/en\/producto\/best-place-of-cadiz-print\/#breadcrumb\",\"itemListElement\":[{\"@type\":\"ListItem\",\"position\":1,\"name\":\"Por Sole\u00e1\",\"item\":\"https:\/\/www.porsolea.com\/en\/\"},{\"@type\":\"ListItem\",\"position\":2,\"name\":\"Tienda\",\"item\":\"https:\/\/www.porsolea.com\/tienda\/\"},{\"@type\":\"ListItem\",\"position\":3,\"name\":\"Decorative Prints\",\"item\":\"https:\/\/www.porsolea.com\/en\/tienda\/andalusia-prints\/\"},{\"@type\":\"ListItem\",\"position\":4,\"name\":\"Best Place of C\u00e1diz Print\"}]},{\"@type\":\"WebSite\",\"@id\":\"https:\/\/www.porsolea.com\/en\/#website\",\"url\":\"https:\/\/www.porsolea.com\/en\/\",\"name\":\"Por Solea\",\"description\":\"Regalos con Sabor a Andaluc\u00eda\",\"publisher\":{\"@id\":\"https:\/\/www.porsolea.com\/en\/#organization\"},\"potentialAction\":[{\"@type\":\"SearchAction\",\"target\":{\"@type\":\"EntryPoint\",\"urlTemplate\":\"https:\/\/www.porsolea.com\/en\/?s={search_term_string}\"},\"query-input\":{\"@type\":\"PropertyValueSpecification\",\"valueRequired\":true,\"valueName\":\"search_term_string\"}}],\"inLanguage\":\"en-US\"},{\"@type\":\"Organization\",\"@id\":\"https:\/\/www.porsolea.com\/en\/#organization\",\"name\":\"Por Solea\",\"url\":\"https:\/\/www.porsolea.com\/en\/\",\"logo\":{\"@type\":\"ImageObject\",\"inLanguage\":\"en-US\",\"@id\":\"https:\/\/www.porsolea.com\/en\/#\/schema\/logo\/image\/\",\"url\":\"https:\/\/www.porsolea.com\/wp-content\/uploads\/2024\/04\/logo-porsolea-email.webp\",\"contentUrl\":\"https:\/\/www.porsolea.com\/wp-content\/uploads\/2024\/04\/logo-porsolea-email.webp\",\"width\":350,\"height\":154,\"caption\":\"Por Solea\"},\"image\":{\"@id\":\"https:\/\/www.porsolea.com\/en\/#\/schema\/logo\/image\/\"}}]}<\/script>\n<!-- \/ Yoast SEO plugin. -->","yoast_head_json":{"title":"Best Place of C\u00e1diz Print - Por Sole\u00e1","description":"Best Place of C\u00e1diz Print - Por Sole\u00e1 . Compra productos online de Andaluc\u00eda","robots":{"index":"index","follow":"follow","max-snippet":"max-snippet:-1","max-image-preview":"max-image-preview:large","max-video-preview":"max-video-preview:-1"},"canonical":"https:\/\/www.porsolea.com\/en\/producto\/best-place-of-cadiz-print\/","og_locale":"en_US","og_type":"article","og_title":"Best Place of C\u00e1diz Print - Por Sole\u00e1","og_description":"Best Place of C\u00e1diz Print - Por Sole\u00e1 . Compra productos online de Andaluc\u00eda","og_url":"https:\/\/www.porsolea.com\/en\/producto\/best-place-of-cadiz-print\/","og_site_name":"Por Sole\u00e1","article_modified_time":"2024-10-16T14:21:54+00:00","og_image":[{"width":2560,"height":1709,"url":"https:\/\/www.porsolea.com\/wp-content\/uploads\/2024\/03\/CADIZ-X-Solea-3-scaled.jpg","type":"image\/jpeg"}],"twitter_card":"summary_large_image","twitter_misc":{"Est. reading time":"2 minutes"},"schema":{"@context":"https:\/\/schema.org","@graph":[{"@type":"WebPage","@id":"https:\/\/www.porsolea.com\/en\/producto\/best-place-of-cadiz-print\/","url":"https:\/\/www.porsolea.com\/en\/producto\/best-place-of-cadiz-print\/","name":"Best Place of C\u00e1diz Print - Por Sole\u00e1","isPartOf":{"@id":"https:\/\/www.porsolea.com\/en\/#website"},"primaryImageOfPage":{"@id":"https:\/\/www.porsolea.com\/en\/producto\/best-place-of-cadiz-print\/#primaryimage"},"image":{"@id":"https:\/\/www.porsolea.com\/en\/producto\/best-place-of-cadiz-print\/#primaryimage"},"thumbnailUrl":"https:\/\/www.porsolea.com\/wp-content\/uploads\/2024\/03\/CADIZ-X-Solea-3-scaled.jpg","datePublished":"2024-03-06T16:51:40+00:00","dateModified":"2024-10-16T14:21:54+00:00","description":"Best Place of C\u00e1diz Print - Por Sole\u00e1 . Compra productos online de Andaluc\u00eda","breadcrumb":{"@id":"https:\/\/www.porsolea.com\/en\/producto\/best-place-of-cadiz-print\/#breadcrumb"},"inLanguage":"en-US","potentialAction":[{"@type":"ReadAction","target":["https:\/\/www.porsolea.com\/en\/producto\/best-place-of-cadiz-print\/"]}]},{"@type":"ImageObject","inLanguage":"en-US","@id":"https:\/\/www.porsolea.com\/en\/producto\/best-place-of-cadiz-print\/#primaryimage","url":"https:\/\/www.porsolea.com\/wp-content\/uploads\/2024\/03\/CADIZ-X-Solea-3-scaled.jpg","contentUrl":"https:\/\/www.porsolea.com\/wp-content\/uploads\/2024\/03\/CADIZ-X-Solea-3-scaled.jpg","width":2560,"height":1709,"caption":"Photo frames mockup"},{"@type":"BreadcrumbList","@id":"https:\/\/www.porsolea.com\/en\/producto\/best-place-of-cadiz-print\/#breadcrumb","itemListElement":[{"@type":"ListItem","position":1,"name":"Por Sole\u00e1","item":"https:\/\/www.porsolea.com\/en\/"},{"@type":"ListItem","position":2,"name":"Tienda","item":"https:\/\/www.porsolea.com\/tienda\/"},{"@type":"ListItem","position":3,"name":"Decorative Prints","item":"https:\/\/www.porsolea.com\/en\/tienda\/andalusia-prints\/"},{"@type":"ListItem","position":4,"name":"Best Place of C\u00e1diz Print"}]},{"@type":"WebSite","@id":"https:\/\/www.porsolea.com\/en\/#website","url":"https:\/\/www.porsolea.com\/en\/","name":"Por Solea","description":"Regalos con Sabor a Andaluc\u00eda","publisher":{"@id":"https:\/\/www.porsolea.com\/en\/#organization"},"potentialAction":[{"@type":"SearchAction","target":{"@type":"EntryPoint","urlTemplate":"https:\/\/www.porsolea.com\/en\/?s={search_term_string}"},"query-input":{"@type":"PropertyValueSpecification","valueRequired":true,"valueName":"search_term_string"}}],"inLanguage":"en-US"},{"@type":"Organization","@id":"https:\/\/www.porsolea.com\/en\/#organization","name":"Por Solea","url":"https:\/\/www.porsolea.com\/en\/","logo":{"@type":"ImageObject","inLanguage":"en-US","@id":"https:\/\/www.porsolea.com\/en\/#\/schema\/logo\/image\/","url":"https:\/\/www.porsolea.com\/wp-content\/uploads\/2024\/04\/logo-porsolea-email.webp","contentUrl":"https:\/\/www.porsolea.com\/wp-content\/uploads\/2024\/04\/logo-porsolea-email.webp","width":350,"height":154,"caption":"Por Solea"},"image":{"@id":"https:\/\/www.porsolea.com\/en\/#\/schema\/logo\/image\/"}}]}},"_links":{"self":[{"href":"https:\/\/www.porsolea.com\/en\/wp-json\/wp\/v2\/product\/9885","targetHints":{"allow":["GET"]}}],"collection":[{"href":"https:\/\/www.porsolea.com\/en\/wp-json\/wp\/v2\/product"}],"about":[{"href":"https:\/\/www.porsolea.com\/en\/wp-json\/wp\/v2\/types\/product"}],"replies":[{"embeddable":true,"href":"https:\/\/www.porsolea.com\/en\/wp-json\/wp\/v2\/comments?post=9885"}],"version-history":[{"count":1,"href":"https:\/\/www.porsolea.com\/en\/wp-json\/wp\/v2\/product\/9885\/revisions"}],"predecessor-version":[{"id":12068,"href":"https:\/\/www.porsolea.com\/en\/wp-json\/wp\/v2\/product\/9885\/revisions\/12068"}],"wp:featuredmedia":[{"embeddable":true,"href":"https:\/\/www.porsolea.com\/en\/wp-json\/wp\/v2\/media\/9775"}],"wp:attachment":[{"href":"https:\/\/www.porsolea.com\/en\/wp-json\/wp\/v2\/media?parent=9885"}],"wp:term":[{"taxonomy":"product_brand","embeddable":true,"href":"https:\/\/www.porsolea.com\/en\/wp-json\/wp\/v2\/product_brand?post=9885"},{"taxonomy":"product_cat","embeddable":true,"href":"https:\/\/www.porsolea.com\/en\/wp-json\/wp\/v2\/product_cat?post=9885"},{"taxonomy":"product_tag","embeddable":true,"href":"https:\/\/www.porsolea.com\/en\/wp-json\/wp\/v2\/product_tag?post=9885"}],"curies":[{"name":"wp","href":"https:\/\/api.w.org\/{rel}","templated":true}]}}